{"id":609,"date":"2025-04-07T08:44:27","date_gmt":"2025-04-07T08:44:27","guid":{"rendered":"https:\/\/grants.ulbsibiu.ro\/cocerc\/?page_id=609"},"modified":"2025-04-14T15:01:16","modified_gmt":"2025-04-14T12:01:16","slug":"servicii","status":"publish","type":"page","link":"https:\/\/grants.ulbsibiu.ro\/cocerc\/servicii\/","title":{"rendered":"Servicii oferite de COCerc"},"content":{"rendered":"\n<p class=\"has-large-font-size\"><strong>COCerc ofer\u0103 o gam\u0103 variat\u0103 de servicii centrate pe nevoile cercet\u0103torilor afla\u021bi \u00een diferite etape ale carierei din organiza\u021biile de cercetare publice \u0219i private din Regiunea Centru:<\/strong><\/p>\n\n\n\n<div class=\"wp-block-group is-layout-constrained wp-block-group-is-layout-constrained\"><div class=\"wp-block-group__inner-container\">\n<ul>\n<li class=\"has-normal-font-size\">Servicii de orientare profesional\u0103 \u00een cercetare pentru studen\u021bi \u0219i masteranzi;<\/li>\n\n\n\n<li class=\"has-normal-font-size\"><a href=\"https:\/\/docs.google.com\/forms\/d\/1OAWuDfLY8xfT_CXPq6_gWrFNAfFUL6wrg_ZsQVq4Uwk\/edit\" data-type=\"link\" data-id=\"https:\/\/docs.google.com\/forms\/d\/1OAWuDfLY8xfT_CXPq6_gWrFNAfFUL6wrg_ZsQVq4Uwk\/edit\" target=\"_blank\" rel=\"noreferrer noopener\">Facilitarea stagiilor de practic\u0103 \u00een organiza\u021bii de cercetare \u0219i formare pentru bune practici \u00een cercetare pentru studen\u021bi \u0219i masteranzi;<\/a><\/li>\n\n\n\n<li class=\"has-normal-font-size\"><a href=\"https:\/\/docs.google.com\/forms\/d\/1HP5da6fibnRjcFx7asw9cXd96QTO5htR2vGlsaVVlno\/edit\" data-type=\"link\" data-id=\"https:\/\/docs.google.com\/forms\/d\/1HP5da6fibnRjcFx7asw9cXd96QTO5htR2vGlsaVVlno\/edit\" target=\"_blank\" rel=\"noreferrer noopener\">Servicii de baz\u0103 de orientare \u00een cariera de cercet\u0103tor pentru doctoranzi, postdoctoranzi \u0219i cercet\u0103tori cu experien\u021b\u0103;<\/a><\/li>\n\n\n\n<li class=\"has-normal-font-size\">Servicii avansate de orientare \u00een cariera de cercet\u0103tor (mentorat \u0219i coaching);<\/li>\n\n\n\n<li class=\"has-normal-font-size\">Servicii de formare profesional\u0103 continu\u0103 cu accent pe competen\u021be transversale (mentorat);<\/li>\n\n\n\n<li class=\"has-normal-font-size\">Cursuri de limba rom\u00e2n\u0103 pentru cercet\u0103tori str\u0103ini, pentru facilitatea integr\u0103rii acestora \u00een organiza\u021biile de cercetare din Regiunea Centru;<\/li>\n\n\n\n<li class=\"has-normal-font-size\"><a href=\"https:\/\/grants.ulbsibiu.ro\/cocerc\/ghid-orientativ-de-stabilire-a-rezidentei-fiscale-pentru-cercetatori-straini-in-romania\/\" data-type=\"page\" data-id=\"811\">Servicii de asisten\u021b\u0103 pentru stabilirea reziden\u021bei fiscale pentru cercet\u0103torii str\u0103ini afilia\u021bi unei organiza\u021bii de cercetare din Regiunea Centru;<\/a><\/li>\n<\/ul>\n<\/div><\/div>\n","protected":false},"excerpt":{"rendered":"<p>COCerc ofer\u0103 o gam\u0103 variat\u0103 de servicii centrate pe nevoile cercet\u0103torilor afla\u021bi \u00een diferite etape ale carierei din organiza\u021biile de cercetare publice \u0219i private din Regiunea Centru:<\/p>\n","protected":false},"author":1,"featured_media":0,"parent":0,"menu_order":0,"comment_status":"closed","ping_status":"closed","template":"","meta":{"footnotes":""},"_links":{"self":[{"href":"https:\/\/grants.ulbsibiu.ro\/cocerc\/wp-json\/wp\/v2\/pages\/609"}],"collection":[{"href":"https:\/\/grants.ulbsibiu.ro\/cocerc\/wp-json\/wp\/v2\/pages"}],"about":[{"href":"https:\/\/grants.ulbsibiu.ro\/cocerc\/wp-json\/wp\/v2\/types\/page"}],"author":[{"embeddable":true,"href":"https:\/\/grants.ulbsibiu.ro\/cocerc\/wp-json\/wp\/v2\/users\/1"}],"replies":[{"embeddable":true,"href":"https:\/\/grants.ulbsibiu.ro\/cocerc\/wp-json\/wp\/v2\/comments?post=609"}],"version-history":[{"count":8,"href":"https:\/\/grants.ulbsibiu.ro\/cocerc\/wp-json\/wp\/v2\/pages\/609\/revisions"}],"predecessor-version":[{"id":822,"href":"https:\/\/grants.ulbsibiu.ro\/cocerc\/wp-json\/wp\/v2\/pages\/609\/revisions\/822"}],"wp:attachment":[{"href":"https:\/\/grants.ulbsibiu.ro\/cocerc\/wp-json\/wp\/v2\/media?parent=609"}],"curies":[{"name":"wp","href":"https:\/\/api.w.org\/{rel}","templated":true}]}}