{"id":247,"date":"2023-11-15T11:38:40","date_gmt":"2023-11-15T11:38:40","guid":{"rendered":"https:\/\/grants.ulbsibiu.ro\/cocerc\/?page_id=247"},"modified":"2026-01-13T13:28:38","modified_gmt":"2026-01-13T11:28:38","slug":"contact","status":"publish","type":"page","link":"https:\/\/grants.ulbsibiu.ro\/cocerc\/contact\/","title":{"rendered":"Contact"},"content":{"rendered":"\n<div class=\"wp-block-columns is-layout-flex wp-container-core-columns-layout-1 wp-block-columns-is-layout-flex\" style=\"margin-top:var(--wp--preset--spacing--50);margin-bottom:var(--wp--preset--spacing--50);padding-top:var(--wp--preset--spacing--80);padding-bottom:var(--wp--preset--spacing--80)\">\n<div class=\"wp-block-column is-layout-flow wp-block-column-is-layout-flow\" style=\"flex-basis:33.33%\">\n<figure class=\"wp-block-image alignwide size-full\"><img loading=\"lazy\" decoding=\"async\" width=\"882\" height=\"283\" src=\"https:\/\/grants.ulbsibiu.ro\/cocerc\/wp-content\/uploads\/cropped-Logo-COCERC-5.png\" alt=\"\" class=\"wp-image-284\" srcset=\"https:\/\/grants.ulbsibiu.ro\/cocerc\/wp-content\/uploads\/cropped-Logo-COCERC-5.png 882w, https:\/\/grants.ulbsibiu.ro\/cocerc\/wp-content\/uploads\/cropped-Logo-COCERC-5-300x96.png 300w, https:\/\/grants.ulbsibiu.ro\/cocerc\/wp-content\/uploads\/cropped-Logo-COCERC-5-768x246.png 768w\" sizes=\"(max-width: 882px) 100vw, 882px\" \/><\/figure>\n<\/div>\n\n\n\n<div class=\"wp-block-column is-layout-flow wp-block-column-is-layout-flow\" style=\"flex-basis:66.66%\">\n<p class=\"has-text-align-center\"><strong>Universitatea \u201eLucian Blaga\u201d din Sibiu<\/strong><br>Adresa: Bd-ul Victoriei nr.10, Sibiu, 550024, Rom\u00e2nia<br>Tel: +40-(269) 21.77.79<br>Fax: +40-(269) 21.78.87<br>E-mail: grant.cocerc@ulbsibiu.ro<\/p>\n<\/div>\n<\/div>\n\n\n\n<h2 class=\"wp-block-heading\">Centre regionale din Rom\u00e2nia<\/h2>\n\n\n\n<figure class=\"wp-block-table is-style-stripes\"><table class=\"has-fixed-layout\"><tbody><tr><td>Career Guidance for Researchers (UBB-CORE)<br>Cluj-Napoca, ROMANIA<br>Web:&nbsp;<a href=\"https:\/\/ubbcore.ro\/ro\/\">https:\/\/ubbcore.ro\/ro\/<\/a><\/td><td>Centrul Regional Sud-Est pentru Orientarea \u00een Cariera de Cercet\u0103tor (AD.AUGUSTA)<br>Constanta , ROMANIA<br>Web:&nbsp;<a href=\"https:\/\/adaugusta.univ-ovidius.ro\/\">https:\/\/adaugusta.univ-ovidius.ro\/<\/a><\/td><\/tr><tr><td>Centrul de orientare, asociere \u0219i consiliere \u00een cariera de cercet\u0103tor pentru Regiunea de dezvoltare Nord-Est a Rom\u00e2niei (COACH USV)<br>Suceava , ROMANIA<br>Web:&nbsp;<a href=\"https:\/\/coach.usv.ro\/\">https:\/\/coach.usv.ro\/<\/a><\/td><td>Centrul de orientare \u00een cariera de cercet\u0103tor \u2013 Regiunea Centru\u201d (COCerc)<br>Sibiu , ROMANIA<br>Web:&nbsp;<a href=\"https:\/\/grants.ulbsibiu.ro\/cocerc\/despre\/\">https:\/\/grants.ulbsibiu.ro\/cocerc\/despre\/<\/a><\/td><\/tr><tr><td>Cercet\u0103torii viitorului \/The researchers of the future<br>Craiova , ROMANIA<br>Web:&nbsp;<a href=\"https:\/\/cercetatorii-viitorului.ucv.ro\/\">https:\/\/cercetatorii-viitorului.ucv.ro\/<\/a><\/td><td>Centrul de consiliere \u0219i orientare \u00een cariera de cercet\u0103tor \u2013 regiunea de Vest (CeCOCe-Vest)<br>Timisoara , ROMANIA<br>Web:&nbsp;<a href=\"https:\/\/cecocevest.uvt.ro\/\">https:\/\/cecocevest.uvt.ro\/<\/a><\/td><\/tr><tr><td>SciResCareer \u2013 Centru Regional de Orientare \u0219i Consiliere \u00een Cariera de Cercet\u0103tor \u2013 Bucure\u0219ti-Ilfov \u2013 de la educa\u021bie preuniversitar\u0103 la cercetare avansat\u0103<br>Bucharest, ROMANIA<br>Web:&nbsp;<a href=\"https:\/\/scirescareer.unibuc.ro\/\">https:\/\/scirescareer.unibuc.ro\/<\/a><\/td><td>Centru de Networking \u0219i Dezvoltare a Carierei de Cercetare \u00een Regiunea Sud-Muntenia (CNDCSM)<br>Targoviste, ROMANIA<br>Web:<a href=\"https:\/\/www.cndsm.eu\/index.php\/en\/\" data-type=\"link\" data-id=\"https:\/\/www.cndsm.eu\/index.php\/en\/\">\u00a0https:\/\/www.cndsm.eu\/index.php\/en\/ <\/a><\/td><\/tr><\/tbody><\/table><\/figure>\n","protected":false},"excerpt":{"rendered":"<p>Universitatea \u201eLucian Blaga\u201d din SibiuAdresa: Bd-ul Victoriei nr.10, Sibiu, 550024, Rom\u00e2niaTel: +40-(269) 21.77.79Fax: +40-(269) 21.78.87E-mail: grant.cocerc@ulbsibiu.ro Centre regionale din Rom\u00e2nia Career Guidance for Researchers (UBB-CORE)Cluj-Napoca, ROMANIAWeb:&nbsp;https:\/\/ubbcore.ro\/ro\/ Centrul Regional Sud-Est pentru [&hellip;]<\/p>\n","protected":false},"author":1,"featured_media":0,"parent":0,"menu_order":0,"comment_status":"closed","ping_status":"closed","template":"","meta":{"footnotes":""},"_links":{"self":[{"href":"https:\/\/grants.ulbsibiu.ro\/cocerc\/wp-json\/wp\/v2\/pages\/247"}],"collection":[{"href":"https:\/\/grants.ulbsibiu.ro\/cocerc\/wp-json\/wp\/v2\/pages"}],"about":[{"href":"https:\/\/grants.ulbsibiu.ro\/cocerc\/wp-json\/wp\/v2\/types\/page"}],"author":[{"embeddable":true,"href":"https:\/\/grants.ulbsibiu.ro\/cocerc\/wp-json\/wp\/v2\/users\/1"}],"replies":[{"embeddable":true,"href":"https:\/\/grants.ulbsibiu.ro\/cocerc\/wp-json\/wp\/v2\/comments?post=247"}],"version-history":[{"count":10,"href":"https:\/\/grants.ulbsibiu.ro\/cocerc\/wp-json\/wp\/v2\/pages\/247\/revisions"}],"predecessor-version":[{"id":1086,"href":"https:\/\/grants.ulbsibiu.ro\/cocerc\/wp-json\/wp\/v2\/pages\/247\/revisions\/1086"}],"wp:attachment":[{"href":"https:\/\/grants.ulbsibiu.ro\/cocerc\/wp-json\/wp\/v2\/media?parent=247"}],"curies":[{"name":"wp","href":"https:\/\/api.w.org\/{rel}","templated":true}]}}