{"id":242,"date":"2023-11-15T11:38:40","date_gmt":"2023-11-15T11:38:40","guid":{"rendered":"https:\/\/grants.ulbsibiu.ro\/cocerc\/?page_id=242"},"modified":"2025-04-09T15:01:07","modified_gmt":"2025-04-09T12:01:07","slug":"despre","status":"publish","type":"page","link":"https:\/\/grants.ulbsibiu.ro\/cocerc\/despre\/","title":{"rendered":"Despre"},"content":{"rendered":"\n<p class=\"has-huge-font-size\"><em>Centrul de orientare \u00een cariera de cercet\u0103tor \u2013 Regiunea Centru\u201d (COCerc)<\/em><\/p>\n\n\n\n<p class=\"has-large-font-size\"><strong>Scopul proiectului: <\/strong><\/p>\n\n\n\n<p class=\"has-normal-font-size\">Cre\u0219terea interesului pentru \u0219tiin\u021b\u0103 la nivelul societ\u0103\u021bii rom\u00e2ne\u0219ti, cu prec\u0103dere \u00een r\u00e2ndul tinerilor (elevi, studen\u021bi), concomitent cu cre\u0219terea capacit\u0103\u021bii cercet\u0103torilor (doctoranzi, postdoctoranzi, cercet\u0103tori maturi) de a realiza cercetare performant\u0103 \u0219i de a comunica rezultatele \u0219tiin\u021bifice deciden\u021bilor politici \u0219i publicului larg.<\/p>\n\n\n\n<p class=\"has-large-font-size\"><strong>Obiective specifice:<\/strong><\/p>\n\n\n\n<ul>\n<li class=\"has-normal-font-size\">Promovarea beneficiilor \u0219tiin\u021bei \u00een societate \u0219i a rezultatelor \u0219tiin\u021bifice ale organiza\u021biilor CDI din Regiunea Centru \u00een plan local, regional, na\u021bional \u0219i interna\u021bional prin organizarea de evenimente publice \u0219i diseminarea de con\u021binut audio-vizual (6 dezbateri publice, 6 evenimente de tip cafeneaua \u0219tiin\u021bei, 5 expozi\u021bii, 15 ac\u021biuni de promovare a \u0219tiin\u021bei \u00een mass-media, 5 materiale audio-video de prezentare a \u0219tiin\u021bei, 21 articole de pres\u0103 \u00een limba rom\u00e2n\u0103, 10 articole de pres\u0103 \u00een limba englez\u0103, 6 interviuri);<\/li>\n\n\n\n<li class=\"has-normal-font-size\">Promovarea carierei de cercet\u0103tor \u00een r\u00e2ndul elevilor prin organizarea de vizite de promovare a \u0219tiin\u021bei \u00een \u0219coli \u0219i licee (30 de vizite) \u0219i programe pentru elevi organizate \u00een laboratoare, centre sau infrastructuri de cercetare (10 evenimente);<\/li>\n\n\n\n<li class=\"has-normal-font-size\">Promovarea carierei de cercet\u0103tor \u00een r\u00e2ndul studen\u021bilor \u0219i masteranzilor prin facilitarea stagiilor de practic\u0103 \u00een organiza\u021bii CDI (2 ac\u021biuni de facilitare) \u0219i servicii de orientare \u00een carier\u0103 (500 de studen\u021bi \u0219i masteranzi);<\/li>\n\n\n\n<li class=\"has-normal-font-size\">Dezvoltarea serviciului de baz\u0103 \u0219i a unor servicii avansate de asisten\u021b\u0103 pentru cercet\u0103torii rom\u00e2ni evaluate pozitiv de c\u0103tre beneficiari (5 servicii avansate, 90% evalu\u0103ri pozitive), adaptate la nevoile acestora \u0219i stadiul carierei (125 doctoranzi, 30 post-doctoranzi, 150 tineri cercet\u0103tori, 50 cercet\u0103tori maturi);<\/li>\n\n\n\n<li class=\"has-normal-font-size\">Cre\u0219terea capacit\u0103\u021bii institu\u021bionale a aplicantului pentru furnizarea pe termen lung a serviciilor avansate de asisten\u021b\u0103 pentru cercet\u0103torii din toate organiza\u021biile CDI din regiune (participare la crearea \u0219i opera\u021bionalizarea re\u021belei na\u021bionale a centrelor de orientare, grup de lucru privind nevoile de orientare \u00een cariera de cercet\u0103tor \u00een regiune; 5 schimburi de experien\u021b\u0103; 3 evenimente comune ale re\u021belei centrelor de orientare; sec\u021biune portal ERA TALENT PLATFORM; 2 protocoale de colaborare; ob\u021binerea certific\u0103rii HRS4R);<\/li>\n\n\n\n<li class=\"has-normal-font-size\">Facilitarea integr\u0103rii \u00een comunit\u0103\u021bile de practic\u0103 din Regiunea Centru a cercet\u0103torilor str\u0103ini, inclusiv a beneficiarilor investi\u021biei I8 (50 de cercet\u0103tori str\u0103ini, servicii de baz\u0103, 1 serviciu avansat, 5 evenimente de networking).<\/li>\n<\/ul>\n\n\n\n<p><\/p>\n\n\n\n<p class=\"has-large-font-size\"><strong>Activit\u0103\u021bi specifice:<\/strong><\/p>\n\n\n\n<ul>\n<li class=\"has-normal-font-size\"><a href=\"https:\/\/grants.ulbsibiu.ro\/cocerc\/category\/activitati\/orientare-cariera-de-cercetator\/\" data-type=\"category\" data-id=\"11\">Activit\u0103\u021bi de orientare \u00een cariera de cercet\u0103tor<\/a>;<\/li>\n\n\n\n<li class=\"has-normal-font-size\"><a href=\"https:\/\/grants.ulbsibiu.ro\/cocerc\/category\/activitati\/promovare-a-cercetarii-si-atragerea-tinerilor-cercetatori-in-cariera-de-cercetator\/\" data-type=\"category\" data-id=\"12\">Activit\u0103\u021bi de promovare a cercet\u0103rii \u0219i atragerea tinerilor cercet\u0103tori \u00een cariera de cercet\u0103tor<\/a>;<\/li>\n\n\n\n<li class=\"has-normal-font-size\"><a href=\"https:\/\/grants.ulbsibiu.ro\/cocerc\/category\/activitati\/retea\/\" data-type=\"category\" data-id=\"13\">Activit\u0103\u021bi de re\u021bea.<\/a><\/li>\n<\/ul>\n","protected":false},"excerpt":{"rendered":"<p>Centrul de orientare \u00een cariera de cercet\u0103tor \u2013 Regiunea Centru\u201d (COCerc) Scopul proiectului: Cre\u0219terea interesului pentru \u0219tiin\u021b\u0103 la nivelul societ\u0103\u021bii rom\u00e2ne\u0219ti, cu prec\u0103dere \u00een r\u00e2ndul tinerilor (elevi, studen\u021bi), concomitent cu [&hellip;]<\/p>\n","protected":false},"author":1,"featured_media":0,"parent":0,"menu_order":0,"comment_status":"closed","ping_status":"closed","template":"","meta":{"footnotes":""},"_links":{"self":[{"href":"https:\/\/grants.ulbsibiu.ro\/cocerc\/wp-json\/wp\/v2\/pages\/242"}],"collection":[{"href":"https:\/\/grants.ulbsibiu.ro\/cocerc\/wp-json\/wp\/v2\/pages"}],"about":[{"href":"https:\/\/grants.ulbsibiu.ro\/cocerc\/wp-json\/wp\/v2\/types\/page"}],"author":[{"embeddable":true,"href":"https:\/\/grants.ulbsibiu.ro\/cocerc\/wp-json\/wp\/v2\/users\/1"}],"replies":[{"embeddable":true,"href":"https:\/\/grants.ulbsibiu.ro\/cocerc\/wp-json\/wp\/v2\/comments?post=242"}],"version-history":[{"count":13,"href":"https:\/\/grants.ulbsibiu.ro\/cocerc\/wp-json\/wp\/v2\/pages\/242\/revisions"}],"predecessor-version":[{"id":765,"href":"https:\/\/grants.ulbsibiu.ro\/cocerc\/wp-json\/wp\/v2\/pages\/242\/revisions\/765"}],"wp:attachment":[{"href":"https:\/\/grants.ulbsibiu.ro\/cocerc\/wp-json\/wp\/v2\/media?parent=242"}],"curies":[{"name":"wp","href":"https:\/\/api.w.org\/{rel}","templated":true}]}}