{"id":1049,"date":"2026-01-13T12:32:04","date_gmt":"2026-01-13T10:32:04","guid":{"rendered":"https:\/\/grants.ulbsibiu.ro\/cocerc\/?page_id=1049"},"modified":"2026-01-13T13:17:39","modified_gmt":"2026-01-13T11:17:39","slug":"rezultatele-proiectului","status":"publish","type":"page","link":"https:\/\/grants.ulbsibiu.ro\/cocerc\/rezultatele-proiectului\/","title":{"rendered":"Rezultatele proiectului"},"content":{"rendered":"\n<p><strong>ACTIVIT\u0102\u021aI DE ORIENTARE \u00ceN CARIERA DE CERCET\u0102TOR<\/strong><\/p>\n\n\n\n<p><\/p>\n\n\n\n<p class=\"has-normal-font-size\"><strong>ACTIVIT\u0102\u021aI DE PROMOVARE A CERCET\u0102RII \u0218I ATRAGEREA TINERILOR<br>CERCET\u0102TORI \u00ceN CARIERA DE CERCET\u0102TOR<\/strong><\/p>\n\n\n\n<ul>\n<li class=\"has-normal-font-size\"><strong>Vizite de promovare a \u0219tiin\u021bei \u00een \u0219coli, licee<\/strong> &#8211; <strong>15 vizite <\/strong>pentru perioada decembrie 2024 &#8211; decembrie 2025. Unit\u0103\u021bile de \u00eenv\u0103\u021b\u0103m\u00e2nt vizitate au fost la nivel de liceu (teoretic sau tehnologic) \u0219i colegiu (na\u021bional sau tehnic) din jude\u021bele Alba (7 vizite), Bra\u0219ov (3 vizite), Mure\u0219 (1 vizit\u0103) \u0219i Sibiu (4 vizite).    <\/li>\n\n\n\n<li class=\"has-normal-font-size\"><strong>Realizarea de materiale audio-video pentru social media, astfel:  <\/strong> <\/li>\n<\/ul>\n\n\n\n<figure class=\"wp-block-table is-style-stripes has-small-font-size\"><table class=\"has-opinion-acc-color has-text-color has-link-color\"><tbody><tr><td>Noaptea cercet\u0103torilor 2026 \u2013\u00a0<a href=\"https:\/\/www.facebook.com\/share\/r\/1a1ReDQRQm\/\">https:\/\/www.facebook.com\/share\/r\/1a1ReDQRQm\/<\/a><\/td><\/tr><tr><td>Noaptea cercet\u0103torilor 2025 \u0219i expozi\u021bia \u201eMagnetism \u0219i alte legi ale atrac\u021biei universale\u201d &#8211; <a href=\"https:\/\/www.facebook.com\/share\/v\/184oiukAbz\/\">https:\/\/www.facebook.com\/share\/v\/184oiukAbz\/<\/a><\/td><\/tr><tr><td>Promovare platforma ERA Talent &#8211; <a href=\"https:\/\/www.facebook.com\/share\/v\/17xcDrBa9B\/\">https:\/\/www.facebook.com\/share\/v\/17xcDrBa9B\/<\/a><\/td><\/tr><tr><td>Promovare centru COCERC &#8211; <a href=\"https:\/\/www.facebook.com\/share\/v\/17xcDrBa9B\/\">https:\/\/www.facebook.com\/share\/v\/17xcDrBa9B\/<\/a><\/td><\/tr><tr><td>Promovare centru COCERC &#8211; <a href=\"https:\/\/www.facebook.com\/share\/v\/1C2zeyDKL7\/\">https:\/\/www.facebook.com\/share\/v\/1C2zeyDKL7\/<\/a><\/td><\/tr><tr><td>Promovare centru COCERC &#8211; <a href=\"https:\/\/www.facebook.com\/share\/v\/1QWtVK2h9e\/\">https:\/\/www.facebook.com\/share\/v\/1QWtVK2h9e\/<\/a><\/td><\/tr><tr><td>Promovare centru COCERC &#8211; <a href=\"https:\/\/www.facebook.com\/share\/v\/1QWtVK2h9e\/\">https:\/\/www.facebook.com\/share\/v\/1QWtVK2h9e\/<\/a><\/td><\/tr><\/tbody><\/table><\/figure>\n\n\n\n<p class=\"has-normal-font-size\"><strong>ACTIVIT\u0102\u021aI DE<\/strong> <strong>RE\u021aEA<\/strong><\/p>\n","protected":false},"excerpt":{"rendered":"<p>ACTIVIT\u0102\u021aI DE ORIENTARE \u00ceN CARIERA DE CERCET\u0102TOR ACTIVIT\u0102\u021aI DE PROMOVARE A CERCET\u0102RII \u0218I ATRAGEREA TINERILORCERCET\u0102TORI \u00ceN CARIERA DE CERCET\u0102TOR Noaptea cercet\u0103torilor 2026 \u2013\u00a0https:\/\/www.facebook.com\/share\/r\/1a1ReDQRQm\/ Noaptea cercet\u0103torilor 2025 \u0219i expozi\u021bia \u201eMagnetism \u0219i [&hellip;]<\/p>\n","protected":false},"author":1,"featured_media":0,"parent":0,"menu_order":0,"comment_status":"closed","ping_status":"closed","template":"","meta":{"footnotes":""},"_links":{"self":[{"href":"https:\/\/grants.ulbsibiu.ro\/cocerc\/wp-json\/wp\/v2\/pages\/1049"}],"collection":[{"href":"https:\/\/grants.ulbsibiu.ro\/cocerc\/wp-json\/wp\/v2\/pages"}],"about":[{"href":"https:\/\/grants.ulbsibiu.ro\/cocerc\/wp-json\/wp\/v2\/types\/page"}],"author":[{"embeddable":true,"href":"https:\/\/grants.ulbsibiu.ro\/cocerc\/wp-json\/wp\/v2\/users\/1"}],"replies":[{"embeddable":true,"href":"https:\/\/grants.ulbsibiu.ro\/cocerc\/wp-json\/wp\/v2\/comments?post=1049"}],"version-history":[{"count":14,"href":"https:\/\/grants.ulbsibiu.ro\/cocerc\/wp-json\/wp\/v2\/pages\/1049\/revisions"}],"predecessor-version":[{"id":1078,"href":"https:\/\/grants.ulbsibiu.ro\/cocerc\/wp-json\/wp\/v2\/pages\/1049\/revisions\/1078"}],"wp:attachment":[{"href":"https:\/\/grants.ulbsibiu.ro\/cocerc\/wp-json\/wp\/v2\/media?parent=1049"}],"curies":[{"name":"wp","href":"https:\/\/api.w.org\/{rel}","templated":true}]}}