{"id":1026,"date":"2025-12-11T15:27:17","date_gmt":"2025-12-11T13:27:17","guid":{"rendered":"https:\/\/grants.ulbsibiu.ro\/cocerc\/?page_id=1026"},"modified":"2026-01-13T13:28:58","modified_gmt":"2026-01-13T11:28:58","slug":"contributors","status":"publish","type":"page","link":"https:\/\/grants.ulbsibiu.ro\/cocerc\/contributors\/","title":{"rendered":"Contributors"},"content":{"rendered":"\n<h3 class=\"wp-block-heading has-text-align-center\" style=\"text-transform:uppercase\">Romanian Career Guidance Centers for Researchers<\/h3>\n\n\n\n<figure class=\"wp-block-table is-style-stripes has-normal-font-size\"><table><tbody><tr><td class=\"has-text-align-center\" data-align=\"center\">Career Guidance for Researchers (UBB-CORE), Cluj-Napoca, ROMANIA<br>Web:\u00a0<strong><a href=\"https:\/\/ubbcore.ro\/ro\/\" target=\"_blank\" rel=\"noreferrer noopener\">https:\/\/ubbcore.ro\/ro\/<\/a><\/strong><\/td><td class=\"has-text-align-center\" data-align=\"center\">Centrul de orientare, asociere \u0219i consiliere \u00een cariera de cercet\u0103tor pentru Regiunea de dezvoltare Nord-Est a Rom\u00e2niei (COACH USV), Suceava , ROMANIA<br>Web:<strong>\u00a0<a href=\"https:\/\/coach.usv.ro\/\">https:\/\/coach.usv.ro\/<\/a><\/strong><\/td><\/tr><tr><td class=\"has-text-align-center\" data-align=\"center\">Centrul Regional Sud-Est pentru Orientarea \u00een Cariera de Cercet\u0103tor (AD.AUGUSTA), Constanta , ROMANIA<br>Web:\u00a0<a href=\"https:\/\/adaugusta.univ-ovidius.ro\/\">https:\/\/adaugusta.univ-ovidius.ro\/<\/a><\/td><td class=\"has-text-align-center\" data-align=\"center\">Centrul de orientare \u00een cariera de cercet\u0103tor \u2013 Regiunea Centru\u201d (COCerc), Sibiu, ROMANIA<br>Web:\u00a0<a href=\"https:\/\/grants.ulbsibiu.ro\/cocerc\/despre\/\">https:\/\/grants.ulbsibiu.ro<\/a><\/td><\/tr><tr><td class=\"has-text-align-center\" data-align=\"center\">Cercet\u0103torii viitorului \/The researchers of the future, Craiova , ROMANIA<br>Web:\u00a0<a href=\"https:\/\/cercetatorii-viitorului.ucv.ro\/\">https:\/\/cercetatorii-viitorului.ucv.ro\/<\/a><\/td><td class=\"has-text-align-center\" data-align=\"center\">Centrul de consiliere \u0219i orientare \u00een cariera de cercet\u0103tor \u2013 regiunea de Vest (CeCOCe-Vest), Timisoara , ROMANIA<br>Web:\u00a0<a href=\"https:\/\/cecocevest.uvt.ro\/\">https:\/\/cecocevest.uvt.ro\/<\/a><\/td><\/tr><tr><td class=\"has-text-align-center\" data-align=\"center\">SciResCareer \u2013 Centru Regional de Orientare \u0219i Consiliere \u00een Cariera de Cercet\u0103tor \u2013 Bucure\u0219ti-Ilfov \u2013 de la educa\u021bie preuniversitar\u0103 la cercetare avansat\u0103<br>Bucharest, ROMANIA<br>Web:\u00a0<a href=\"https:\/\/scirescareer.unibuc.ro\/\">https:\/\/scirescareer.unibuc.ro\/<\/a><\/td><td class=\"has-text-align-center\" data-align=\"center\">Centru de Networking \u0219i Dezvoltare a Carierei de Cercetare \u00een Regiunea Sud-Muntenia (CNDCSM)<br>Targoviste, ROMANIA<br>Web:<a href=\"https:\/\/www.cndsm.eu\/index.php\/en\/\" data-type=\"link\" data-id=\"https:\/\/www.cndsm.eu\/index.php\/en\/\">\u00a0https:\/\/www.cndsm.eu\/index.php\/en\/<\/a><\/td><\/tr><\/tbody><\/table><\/figure>\n\n\n\n<h2 class=\"wp-block-heading has-text-align-center\" style=\"text-transform:uppercase\">List of universities in the Center Development Region of Romania<\/h2>\n\n\n\n<p><\/p>\n\n\n\n<ol>\n<li class=\"has-normal-font-size\">\u201eLucian Blaga\u201d University of Sibiu &#8211; <strong><a href=\"https:\/\/www.ulbsibiu.ro\/ro\/\" target=\"_blank\" rel=\"noreferrer noopener\">https:\/\/www.ulbsibiu.ro\/ro\/ <\/a><\/strong><\/li>\n\n\n\n<li class=\"has-normal-font-size\">\u201dNicolae B\u0103lcescu\u201d Land Forces Academy, Sibiu &#8211; <strong><a href=\"https:\/\/www.armyacademy.ro\/\" target=\"_blank\" rel=\"noreferrer noopener\">https:\/\/www.armyacademy.ro\/<\/a><\/strong><\/li>\n\n\n\n<li class=\"has-normal-font-size\">Transilvania University of Bra\u0219ov &#8211; <strong><a href=\"https:\/\/www.unitbv.ro\/\" target=\"_blank\" rel=\"noreferrer noopener\">https:\/\/www.unitbv.ro\/<\/a><\/strong><\/li>\n\n\n\n<li class=\"has-normal-font-size\">\u201e1 Decembrie 1918\u201d University of Alba Iulia &#8211; <strong><a href=\"https:\/\/www.uab.ro\/\" target=\"_blank\" rel=\"noreferrer noopener\">https:\/\/www.uab.ro\/<\/a><\/strong><\/li>\n\n\n\n<li class=\"has-normal-font-size\">\u00a0\u201eGeorge Emil Palade\u201d\u00a0University of Medicine, Pharmacy, Science, and Technology of T\u00e2rgu Mure\u0219 &#8211; <strong><a href=\"https:\/\/umfst.ro\/\" target=\"_blank\" rel=\"noreferrer noopener\">https:\/\/umfst.ro\/<\/a><\/strong><\/li>\n\n\n\n<li class=\"has-normal-font-size\">\u201eDimitrie Cantemir\u201d University of T\u00e2rgu Mure\u0219 &#8211; <a href=\"https:\/\/cantemir.ro\/\" data-type=\"link\" data-id=\"https:\/\/cantemir.ro\/\" target=\"_blank\" rel=\"noreferrer noopener\"><strong>https:\/\/cantemir.ro\/<\/strong><\/a><\/li>\n<\/ol>\n","protected":false},"excerpt":{"rendered":"<p>Romanian Career Guidance Centers for Researchers Career Guidance for Researchers (UBB-CORE), Cluj-Napoca, ROMANIAWeb:\u00a0https:\/\/ubbcore.ro\/ro\/ Centrul de orientare, asociere \u0219i consiliere \u00een cariera de cercet\u0103tor pentru Regiunea de dezvoltare Nord-Est a Rom\u00e2niei [&hellip;]<\/p>\n","protected":false},"author":8,"featured_media":0,"parent":0,"menu_order":0,"comment_status":"closed","ping_status":"closed","template":"","meta":{"footnotes":""},"_links":{"self":[{"href":"https:\/\/grants.ulbsibiu.ro\/cocerc\/wp-json\/wp\/v2\/pages\/1026"}],"collection":[{"href":"https:\/\/grants.ulbsibiu.ro\/cocerc\/wp-json\/wp\/v2\/pages"}],"about":[{"href":"https:\/\/grants.ulbsibiu.ro\/cocerc\/wp-json\/wp\/v2\/types\/page"}],"author":[{"embeddable":true,"href":"https:\/\/grants.ulbsibiu.ro\/cocerc\/wp-json\/wp\/v2\/users\/8"}],"replies":[{"embeddable":true,"href":"https:\/\/grants.ulbsibiu.ro\/cocerc\/wp-json\/wp\/v2\/comments?post=1026"}],"version-history":[{"count":12,"href":"https:\/\/grants.ulbsibiu.ro\/cocerc\/wp-json\/wp\/v2\/pages\/1026\/revisions"}],"predecessor-version":[{"id":1045,"href":"https:\/\/grants.ulbsibiu.ro\/cocerc\/wp-json\/wp\/v2\/pages\/1026\/revisions\/1045"}],"wp:attachment":[{"href":"https:\/\/grants.ulbsibiu.ro\/cocerc\/wp-json\/wp\/v2\/media?parent=1026"}],"curies":[{"name":"wp","href":"https:\/\/api.w.org\/{rel}","templated":true}]}}