{"id":90,"date":"2025-11-10T00:00:50","date_gmt":"2025-11-09T22:00:50","guid":{"rendered":"https:\/\/grants.ulbsibiu.ro\/ascrm\/?page_id=90"},"modified":"2025-12-03T09:47:10","modified_gmt":"2025-12-03T07:47:10","slug":"results","status":"publish","type":"page","link":"https:\/\/grants.ulbsibiu.ro\/ascrm\/results\/","title":{"rendered":"Results"},"content":{"rendered":"\n<p><\/p>\n\n\n\n<p class=\"has-medium-font-size\">Publications<\/p>\n\n\n\n<p>Bianca M. Popa &#8211; <\/p>\n\n\n\n<p class=\"has-medium-font-size\">Conference papers<\/p>\n\n\n\n<p>Vladimir Sterpu (USM) \u2013 <em>Diaspora Influence on Moldova\u2019s Presidential and Parliamentary Elections: Civic Engagement, Solidarity, and Geopolitical Implications<\/em>, presented at the 5th RoMig International Conference, &#8220;Puzzling Realities of the Romanian Migration within the Current Global Contexts&#8221;, 31.10.2025-01.11.2025, Bucure\u0219ti, Rom\u00e2nia.<\/p>\n\n\n\n<p>Tatiana Sp\u0103taru (USM) \u2013 <em>Social Cohesion and the Moldovan Diaspora: The Role of Migrants in Community Development and the Strengthening of Transnational Ties<\/em>, presented at the 5th RoMig International Conference, &#8220;Puzzling Realities of the Romanian Migration within the Current Global Contexts&#8221;, 31.10.2025-01.11.2025, Bucure\u0219ti, Rom\u00e2nia.<\/p>\n\n\n\n<p>Angela Mocanu (USM) \u2013 <em>The Impact of Migration on Local Community Resilience and Social Cohesion in the Republic of Moldova<\/em>, presented at the 5th RoMig International Conference, &#8220;Puzzling Realities of the Romanian Migration within the Current Global Contexts&#8221;, 31.10.2025-01.11.2025, Bucure\u0219ti, Rom\u00e2nia.<\/p>\n\n\n\n<p>Denis Co\u021bofan (USM) \u2013 <em>Harmonizing Cohesion Policies in the Republic of Moldova with European Social Protection Standards: Challenges and Opportunities Amid Migration Dynamics<\/em>, presented at the 5th RoMig International Conference, &#8220;Puzzling Realities of the Romanian Migration within the Current Global Contexts&#8221;, 31.10.2025-01.11.2025, Bucure\u0219ti, Rom\u00e2nia.<\/p>\n\n\n\n<p>Hora\u0163iu Rusu (ULBS), Livia Pogan (ULBS), Bianca M\u0103d\u0103lina Popa (ULBS) \u2013 <em>Migration and transnational solidarity: Ukrainian refugees in Romania<\/em>, presented at the 5th RoMig International Conference, &#8220;Puzzling Realities of the Romanian Migration within the Current Global Contexts&#8221;, 31.10.2025-01.11.2025, Bucure\u0219ti, Rom\u00e2nia.<\/p>\n\n\n\n<p>Hora\u021biu Rusu (ULBS), Denis Co\u021bofan (USM), Angela Mocanu (USM), Bianca Popa (ULBS), Livia Pogan (ULBS), Tatiana Sp\u0103taru (USM), Vladimir Sterpu (USM), Bogdan Voicu (ULBS) \u2013 <em>Coeziunea social\u0103 \u00een Rom\u00e2nia \u0219i Moldova: eviden\u021bierea tendin\u021belor \u0219i cartografierea politicilor \u00een contextul noului cadru european pentru coeziune<\/em>, presented at the the Romanian Sociological Society Conference, &#8220;<em>Un secol de sociologie \u00een Rom\u00e2nia: Metamorfoze 2025<\/em>&#8220;, 30.10.2025-31.10.2025, Bucure\u0219ti, Rom\u00e2nia.<\/p>\n\n\n\n<p>Sp\u0103taru Tatiana (USM) \u2013 <em>Formarea \u0219i consolidarea coeziunii sociale \u00een Republica Moldova \u00een contextul apropierii de Uniunea European\u0103<\/em>, presented at the the Romanian Sociological Society Conference, &#8220;<em>Un secol de sociologie \u00een Rom\u00e2nia: Metamorfoze 2025<\/em>&#8220;, 30.10.2025-31.10.2025, Bucure\u0219ti, Rom\u00e2nia.<\/p>\n\n\n\n<p>Mocanu Angela (USM) \u2013 <em>Manifest\u0103ri ale rezilien\u021bei sociale \u00een Republica Moldova \u00een contextul actual<\/em>, presented at the the Romanian Sociological Society Conference, &#8220;<em>Un secol de sociologie \u00een Rom\u00e2nia: Metamorfoze 2025<\/em>&#8220;, 30.10.2025-31.10.2025, Bucure\u0219ti, Rom\u00e2nia.<\/p>\n\n\n\n<p>Bianca Popa (ULBS) <em>\u2013 Conceptualizarea coeziunii sociale: o analiz\u0103 sistematic\u0103 a literaturii de specialitate<\/em>, presented at the the Romanian Sociological Society Conference, &#8220;<em>Un secol de sociologie \u00een Rom\u00e2nia: Metamorfoze 2025<\/em>&#8220;, 30.10.2025-31.10.2025, Bucure\u0219ti, Rom\u00e2nia.<\/p>\n\n\n\n<p><\/p>\n","protected":false},"excerpt":{"rendered":"<p>Publications Bianca M. Popa &#8211; Conference papers Vladimir Sterpu (USM) \u2013 Diaspora Influence on Moldova\u2019s Presidential and Parliamentary Elections: Civic Engagement, Solidarity, and Geopolitical Implications, presented at the 5th RoMig International Conference, &#8220;Puzzling Realities of the Romanian Migration within the Current Global Contexts&#8221;, 31.10.2025-01.11.2025, Bucure\u0219ti, Rom\u00e2nia. Tatiana Sp\u0103taru (USM) \u2013 Social Cohesion and the Moldovan [&hellip;]<\/p>\n","protected":false},"author":2,"featured_media":0,"parent":0,"menu_order":0,"comment_status":"closed","ping_status":"closed","template":"","meta":{"zakra_page_container_layout":"customizer","zakra_page_sidebar_layout":"customizer","zakra_remove_content_margin":false,"zakra_sidebar":"customizer","zakra_transparent_header":"customizer","zakra_logo":0,"zakra_main_header_style":"default","zakra_menu_item_color":"","zakra_menu_item_hover_color":"","zakra_menu_item_active_color":"","zakra_menu_active_style":"","zakra_page_header":true,"footnotes":""},"class_list":["post-90","page","type-page","status-publish","hentry"],"_links":{"self":[{"href":"https:\/\/grants.ulbsibiu.ro\/ascrm\/wp-json\/wp\/v2\/pages\/90","targetHints":{"allow":["GET"]}}],"collection":[{"href":"https:\/\/grants.ulbsibiu.ro\/ascrm\/wp-json\/wp\/v2\/pages"}],"about":[{"href":"https:\/\/grants.ulbsibiu.ro\/ascrm\/wp-json\/wp\/v2\/types\/page"}],"author":[{"embeddable":true,"href":"https:\/\/grants.ulbsibiu.ro\/ascrm\/wp-json\/wp\/v2\/users\/2"}],"replies":[{"embeddable":true,"href":"https:\/\/grants.ulbsibiu.ro\/ascrm\/wp-json\/wp\/v2\/comments?post=90"}],"version-history":[{"count":5,"href":"https:\/\/grants.ulbsibiu.ro\/ascrm\/wp-json\/wp\/v2\/pages\/90\/revisions"}],"predecessor-version":[{"id":265,"href":"https:\/\/grants.ulbsibiu.ro\/ascrm\/wp-json\/wp\/v2\/pages\/90\/revisions\/265"}],"wp:attachment":[{"href":"https:\/\/grants.ulbsibiu.ro\/ascrm\/wp-json\/wp\/v2\/media?parent=90"}],"curies":[{"name":"wp","href":"https:\/\/api.w.org\/{rel}","templated":true}]}}