{"id":38,"date":"2021-05-24T11:04:14","date_gmt":"2021-05-24T11:04:14","guid":{"rendered":"https:\/\/grants.ulbsibiu.ro\/1student\/?page_id=38"},"modified":"2025-04-09T05:15:08","modified_gmt":"2025-04-09T05:15:08","slug":"despre","status":"publish","type":"page","link":"https:\/\/grants.ulbsibiu.ro\/1student\/despre\/","title":{"rendered":"Despre"},"content":{"rendered":"<div class=\"wp-block-image\">\n<figure class=\"aligncenter size-full\"><img loading=\"lazy\" decoding=\"async\" width=\"544\" height=\"88\" src=\"https:\/\/grants.ulbsibiu.ro\/1student\/wp-content\/uploads\/logopeo.png\" alt=\"\" class=\"wp-image-131\" srcset=\"https:\/\/grants.ulbsibiu.ro\/1student\/wp-content\/uploads\/logopeo.png 544w, https:\/\/grants.ulbsibiu.ro\/1student\/wp-content\/uploads\/logopeo-300x49.png 300w\" sizes=\"auto, (max-width: 544px) 100vw, 544px\" \/><\/figure><\/div>\n\n\n<p class=\"has-text-align-center\"><strong>Programul Educa\u021bie \u0219i Ocupare 2021-2027<\/strong><\/p>\n\n\n\n<p><strong>Prioritate<\/strong>: 6 &#8211; Prevenirea p\u0103r\u0103sirii timpurii a \u0219colii \u0219i cre\u0219terea accesului \u0219i a particip\u0103rii grupurilor dezavantajate la educa\u021bie \u0219i formare profesional\u0103<\/p>\n\n\n\n<p><strong>Obiectiv specific<\/strong> ESO4.6: Promovarea accesului egal la educa\u021bie \u0219i formare de calitate \u0219i favorabile incluziunii, precum \u0219i a absolvirii acestora, \u00een special pentru grupurile defavorizate, de la educa\u021bia \u0219i \u00eengrijirea timpurie, educa\u021bia \u0219i formarea general\u0103 \u0219i profesional\u0103 p\u00e2n\u0103 la \u00eenv\u0103\u021b\u0103m\u00e2ntul ter\u021biar, precum \u0219i educa\u021bia \u0219i \u00eenv\u0103\u021barea \u00een r\u00e2ndul adul\u021bilor, inclusiv prin facilitarea mobilit\u0103\u021bii \u00een scop educa\u021bional pentru to\u021bi \u0219i a accesibilit\u0103\u021bii pentru persoanele cu dizabilit\u0103\u021bi<\/p>\n\n\n\n<p><strong>Tip de ac\u021biune<\/strong>: 6.f.6. &#8211; Interven\u021bii pentru cre\u0219terea accesului \u0219i a particip\u0103rii la \u00eenv\u0103\u021b\u0103m\u00e2ntul ter\u021biar, \u00een special pentru grupurile subreprezentate<\/p>\n\n\n\n<p><strong>Cod Smis<\/strong>: 324453<\/p>\n\n\n\n<p><strong>Beneficiar<\/strong>: Universitatea \u201eLucian Blaga\u201d din Sibiu<\/p>\n\n\n\n<p><strong>Perioada de implementare<\/strong>: 24.01.2025 &#8211; 23.01.2028<\/p>\n\n\n\n<p><strong>Obiectivul general al proiectului <\/strong><\/p>\n\n\n\n<p>Obiectivul general al proiectului este \u201cPrevenirea p\u0103r\u0103sirii timpurii a \u0219colii si cre\u0219terea accesului si a particip\u0103rii grupurilor dezavantajate la educa\u021bie\u201d.<\/p>\n\n\n\n<p><strong>Obiective specifice ale proiectului<\/strong><\/p>\n\n\n\n<p>ObS1 \u2013 Participarea unui numar de minim 189 de elevi (ISCED 3-4) din grupul tinta al proiectului la programe remediale si suport pentru pregatirea examenului de Bacalaureat sau admiterii la studii superioare.<\/p>\n\n\n\n<p>ObS2 \u2013 Participarea unui numar de minim 200 de studenti (ISCED 5-6) din grupul tinta al proiectului la programe de prevenire si combatere a abandonului universitar.<\/p>\n\n\n\n<p>ObS3 \u2013 Imbunatatirea accesibilitatii institutiei de invatamant superior prin implementarea initiativelor directionate, inclusiv achizitionarea de echipamente IT si dezvoltarea de instrumente specifice proceselor educationale.<\/p>\n\n\n\n<p><strong>Cine este eligibil pentru a face parte din grupul \u021bint\u0103?<\/strong><\/p>\n\n\n\n<p>Grupul tinta este reprezentat de:<\/p>\n\n\n\n<ul class=\"wp-block-list\">\n<li>elevi ai Colegiul Tehnic \u201eCibinium\u201d Sibiu;<\/li>\n\n\n\n<li>elevi ai Colegiul Tehnic &#8216;August Treboniu Laurian&#8217; din Agnita;<\/li>\n\n\n\n<li>studen\u021bi ai Universit\u0103\u021bii \u201cLucian Blaga\u201d din Sibiu &nbsp;\u0219i care \u00eendeplinesc cumulativ urm\u0103toarele condi\u021bii: sunt \u00eenmatricula\u021bi la institu\u021bii de \u00eenv\u0103\u021b\u0103m\u00e2nt de stat (ISCED 3-4) \u0219i la Universitate de stat (ISCED 5-6); \u2022 au v\u00e2rsta de pana in 29 de ani; \u2022 au domiciliul in regiunea de implementare a proiectului; \u2022 provin din medii si grupuri dezavantajate etc;<\/li>\n<\/ul>\n\n\n\n<p><strong>Activit\u0103\u021bi previzionate<\/strong><\/p>\n\n\n\n<p><strong>Activitatea 1 M\u0103suri de tip \u201dpunte\u201d \u00een vederea facilit\u0103rii tranzi\u021biei la studiile universitare \u00eencep\u00e2nd cu clasa a XI\u2013a<\/strong><\/p>\n\n\n\n<p>SA.1.1. Identificarea, sustinerea, consilierea si acordarea de subventii pentru elevi (02-2025- 01-2028)<\/p>\n\n\n\n<p>SA1.2. Derularea de programe remediale, acordarea de subventii si consilierea elevilor cu privire la optiunile de programe de studiu din mediul universitar (02-2025 -11-2027)<\/p>\n\n\n\n<p>SA1.3. Suport educational si socioemotional (02-2025 -11-2027)<\/p>\n\n\n\n<p><strong>Activitatea 2 Prevenirea si combaterea abandonului universitar in randul primilor studenti din familie&nbsp; (02-2025- 01-2028)<\/strong><strong><\/strong><\/p>\n\n\n\n<p>SA2.1. Sprijinirea si consilierea studentilor inclusiv prin CCOC ( 02-2025- 01-2028)<\/p>\n\n\n\n<p>SA2.2. Acordarea de suport 3 E (educational emotional- empatic) pentru studenti&nbsp; ( 02-2025- 01-2028)<\/p>\n\n\n\n<p><strong>Activitatea 3 Accesibibilizarea institutiilor de invatamant superior si dezvoltarea de instrumente specifice proceselor educationale<\/strong><\/p>\n\n\n\n<p>SA3.1. Asigurarea accesibilitatii fizice si digitale, achizitionarea de servicii suport si servicii de consiliere si indrumare (04-2025- 01-2028)<\/p>\n\n\n\n<p>SA3.2. Realizarea de analize de nevoi si resurse specifice si adoptarea unei strategii privind accesibilizarea IIS in vederea admiterii studentilor cu dizabilitati (02-2025- 03-2026)<\/p>\n\n\n\n<p><strong>Activitatea 4. Activitatea de Management de proiect<\/strong><\/p>\n\n\n\n<p>SA4.1.Activitatea de management de proiect si monitorizare implementare (02-2025- 01-2028)<\/p>\n\n\n\n<p>SA4.2. Realizarea cheltuielilor indirecte, informare si publicitate<\/p>\n","protected":false},"excerpt":{"rendered":"<p>Programul Educa\u021bie \u0219i Ocupare 2021-2027 Prioritate: 6 &#8211; Prevenirea p\u0103r\u0103sirii timpurii a \u0219colii \u0219i cre\u0219terea accesului \u0219i a particip\u0103rii grupurilor dezavantajate la educa\u021bie \u0219i formare profesional\u0103 Obiectiv specific ESO4.6: Promovarea accesului egal la educa\u021bie \u0219i formare de calitate \u0219i favorabile incluziunii, precum \u0219i a absolvirii acestora, \u00een special pentru grupurile defavorizate, de la educa\u021bia \u0219i [&hellip;]<\/p>\n","protected":false},"author":1,"featured_media":0,"parent":0,"menu_order":0,"comment_status":"closed","ping_status":"closed","template":"","meta":{"footnotes":""},"class_list":["post-38","page","type-page","status-publish","hentry"],"_links":{"self":[{"href":"https:\/\/grants.ulbsibiu.ro\/1student\/wp-json\/wp\/v2\/pages\/38","targetHints":{"allow":["GET"]}}],"collection":[{"href":"https:\/\/grants.ulbsibiu.ro\/1student\/wp-json\/wp\/v2\/pages"}],"about":[{"href":"https:\/\/grants.ulbsibiu.ro\/1student\/wp-json\/wp\/v2\/types\/page"}],"author":[{"embeddable":true,"href":"https:\/\/grants.ulbsibiu.ro\/1student\/wp-json\/wp\/v2\/users\/1"}],"replies":[{"embeddable":true,"href":"https:\/\/grants.ulbsibiu.ro\/1student\/wp-json\/wp\/v2\/comments?post=38"}],"version-history":[{"count":3,"href":"https:\/\/grants.ulbsibiu.ro\/1student\/wp-json\/wp\/v2\/pages\/38\/revisions"}],"predecessor-version":[{"id":158,"href":"https:\/\/grants.ulbsibiu.ro\/1student\/wp-json\/wp\/v2\/pages\/38\/revisions\/158"}],"wp:attachment":[{"href":"https:\/\/grants.ulbsibiu.ro\/1student\/wp-json\/wp\/v2\/media?parent=38"}],"curies":[{"name":"wp","href":"https:\/\/api.w.org\/{rel}","templated":true}]}}